{"id":2919,"date":"2024-11-08T17:37:44","date_gmt":"2024-11-08T20:37:44","guid":{"rendered":"https:\/\/dinhosparaiso.com.br\/?page_id=2919"},"modified":"2026-03-13T09:12:18","modified_gmt":"2026-03-13T12:12:18","slug":"home","status":"publish","type":"page","link":"https:\/\/dinhosparaiso.com.br\/en\/","title":{"rendered":"Home"},"content":{"rendered":"<div data-elementor-type=\"wp-page\" data-elementor-id=\"2919\" class=\"elementor elementor-2919\">\n\t\t\t\t<div class=\"elementor-element elementor-element-dc565b6 e-flex e-con-boxed e-con e-parent\" data-id=\"dc565b6\" data-element_type=\"container\" data-settings=\"{&quot;background_background&quot;:&quot;classic&quot;,&quot;content_width&quot;:&quot;boxed&quot;}\" data-core-v316-plus=\"true\">\n\t\t\t\t\t<div class=\"e-con-inner\">\n\t\t<div class=\"elementor-element elementor-element-2a2b6d0 e-con-full e-flex e-con e-child\" data-id=\"2a2b6d0\" data-element_type=\"container\" data-settings=\"{&quot;content_width&quot;:&quot;full&quot;}\">\n\t\t\t\t<div class=\"elementor-element elementor-element-e12fea2 elementor-widget elementor-widget-image\" data-id=\"e12fea2\" data-element_type=\"widget\" data-widget_type=\"image.default\">\n\t\t\t\t<div class=\"elementor-widget-container\">\n\t\t\t<style>\/*! elementor - v3.19.0 - 07-02-2024 *\/\n.elementor-widget-image{text-align:center}.elementor-widget-image a{display:inline-block}.elementor-widget-image a img[src$=\".svg\"]{width:48px}.elementor-widget-image img{vertical-align:middle;display:inline-block}<\/style>\t\t\t\t\t\t\t\t\t\t<img fetchpriority=\"high\" decoding=\"async\" width=\"683\" height=\"152\" src=\"https:\/\/dinhosparaiso.com.br\/wp-content\/uploads\/2024\/11\/logo.webp\" class=\"attachment-full size-full wp-image-2938\" alt=\"\" srcset=\"https:\/\/dinhosparaiso.com.br\/wp-content\/uploads\/2024\/11\/logo.webp 683w, https:\/\/dinhosparaiso.com.br\/wp-content\/uploads\/2024\/11\/logo-300x67.webp 300w, https:\/\/dinhosparaiso.com.br\/wp-content\/uploads\/2024\/11\/logo-18x4.webp 18w\" sizes=\"(max-width: 683px) 100vw, 683px\" \/>\t\t\t\t\t\t\t\t\t\t\t\t\t<\/div>\n\t\t\t\t<\/div>\n\t\t\t\t<\/div>\n\t\t\t\t\t<\/div>\n\t\t\t\t<\/div>\n\t\t<div class=\"elementor-element elementor-element-f750018 e-con-full e-flex e-con e-parent\" data-id=\"f750018\" data-element_type=\"container\" data-settings=\"{&quot;content_width&quot;:&quot;full&quot;,&quot;background_background&quot;:&quot;classic&quot;}\" data-core-v316-plus=\"true\">\n\t\t\t\t<div class=\"elementor-element elementor-element-2d6150a text-linhas elementor-widget elementor-widget-heading\" data-id=\"2d6150a\" data-element_type=\"widget\" data-widget_type=\"heading.default\">\n\t\t\t\t<div class=\"elementor-widget-container\">\n\t\t\t<style>\/*! elementor - v3.19.0 - 07-02-2024 *\/\n.elementor-heading-title{padding:0;margin:0;line-height:1}.elementor-widget-heading .elementor-heading-title[class*=elementor-size-]>a{color:inherit;font-size:inherit;line-height:inherit}.elementor-widget-heading .elementor-heading-title.elementor-size-small{font-size:15px}.elementor-widget-heading .elementor-heading-title.elementor-size-medium{font-size:19px}.elementor-widget-heading .elementor-heading-title.elementor-size-large{font-size:29px}.elementor-widget-heading .elementor-heading-title.elementor-size-xl{font-size:39px}.elementor-widget-heading .elementor-heading-title.elementor-size-xxl{font-size:59px}<\/style><h2 class=\"elementor-heading-title elementor-size-default\">Welcome<\/h2>\t\t<\/div>\n\t\t\t\t<\/div>\n\t\t\t\t<\/div>\n\t\t<div class=\"elementor-element elementor-element-54e6526 e-flex e-con-boxed e-con e-parent\" data-id=\"54e6526\" data-element_type=\"container\" data-settings=\"{&quot;background_background&quot;:&quot;classic&quot;,&quot;content_width&quot;:&quot;boxed&quot;}\" data-core-v316-plus=\"true\">\n\t\t\t\t\t<div class=\"e-con-inner\">\n\t\t\t\t<div class=\"elementor-element elementor-element-714f95c elementor-widget elementor-widget-heading\" data-id=\"714f95c\" data-element_type=\"widget\" data-widget_type=\"heading.default\">\n\t\t\t\t<div class=\"elementor-widget-container\">\n\t\t\t<h2 class=\"elementor-heading-title elementor-size-default\">For over 60 years, we\u2019ve set the standard for grilled meats, embodying a story, a\ntrusted name, and a lasting legacy.\n<\/h2>\t\t<\/div>\n\t\t\t\t<\/div>\n\t\t<div class=\"elementor-element elementor-element-2120020 e-con-full e-flex e-con e-child\" data-id=\"2120020\" data-element_type=\"container\" data-settings=\"{&quot;content_width&quot;:&quot;full&quot;}\">\n\t\t\t\t<div class=\"elementor-element elementor-element-17795a8 elementor-align-center elementor-widget elementor-widget-button\" data-id=\"17795a8\" data-element_type=\"widget\" data-widget_type=\"button.default\">\n\t\t\t\t<div class=\"elementor-widget-container\">\n\t\t\t\t\t<div class=\"elementor-button-wrapper\">\n\t\t\t<a class=\"elementor-button elementor-button-link elementor-size-sm\" href=\"\/en\/cardapio\/\">\n\t\t\t\t\t\t<span class=\"elementor-button-content-wrapper\">\n\t\t\t\t\t\t<span class=\"elementor-button-text\">Reserve your table<\/span>\n\t\t<\/span>\n\t\t\t\t\t<\/a>\n\t\t<\/div>\n\t\t\t\t<\/div>\n\t\t\t\t<\/div>\n\t\t\t\t<\/div>\n\t\t\t\t\t<\/div>\n\t\t\t\t<\/div>\n\t\t<div class=\"elementor-element elementor-element-3c20d9c e-flex e-con-boxed e-con e-parent\" data-id=\"3c20d9c\" data-element_type=\"container\" data-settings=\"{&quot;background_background&quot;:&quot;classic&quot;,&quot;content_width&quot;:&quot;boxed&quot;}\" data-core-v316-plus=\"true\">\n\t\t\t\t\t<div class=\"e-con-inner\">\n\t\t<div class=\"elementor-element elementor-element-7c59bba e-flex e-con-boxed e-con e-child\" data-id=\"7c59bba\" data-element_type=\"container\" data-settings=\"{&quot;background_background&quot;:&quot;classic&quot;,&quot;content_width&quot;:&quot;boxed&quot;}\">\n\t\t\t\t\t<div class=\"e-con-inner\">\n\t\t\t\t\t<\/div>\n\t\t\t\t<\/div>\n\t\t<div class=\"elementor-element elementor-element-a8853dd e-con-full e-flex e-con e-child\" data-id=\"a8853dd\" data-element_type=\"container\" data-settings=\"{&quot;content_width&quot;:&quot;full&quot;}\">\n\t\t\t\t<div class=\"elementor-element elementor-element-9372ee8 elementor-widget elementor-widget-heading\" data-id=\"9372ee8\" data-element_type=\"widget\" data-widget_type=\"heading.default\">\n\t\t\t\t<div class=\"elementor-widget-container\">\n\t\t\t<h2 class=\"elementor-heading-title elementor-size-default\">The Unity of Paradise\n<\/h2>\t\t<\/div>\n\t\t\t\t<\/div>\n\t\t\t\t<div class=\"elementor-element elementor-element-34f10e1 elementor-widget__width-initial elementor-widget elementor-widget-text-editor\" data-id=\"34f10e1\" data-element_type=\"widget\" data-widget_type=\"text-editor.default\">\n\t\t\t\t<div class=\"elementor-widget-container\">\n\t\t\t<style>\/*! elementor - v3.19.0 - 07-02-2024 *\/\n.elementor-widget-text-editor.elementor-drop-cap-view-stacked .elementor-drop-cap{background-color:#69727d;color:#fff}.elementor-widget-text-editor.elementor-drop-cap-view-framed .elementor-drop-cap{color:#69727d;border:3px solid;background-color:transparent}.elementor-widget-text-editor:not(.elementor-drop-cap-view-default) .elementor-drop-cap{margin-top:8px}.elementor-widget-text-editor:not(.elementor-drop-cap-view-default) .elementor-drop-cap-letter{width:1em;height:1em}.elementor-widget-text-editor .elementor-drop-cap{float:left;text-align:center;line-height:1;font-size:50px}.elementor-widget-text-editor .elementor-drop-cap-letter{display:inline-block}<\/style>\t\t\t\t<p>A volta do Dinho&#8217;s para o local onde tudo come\u00e7ou. Venha desfrutar os melhores itens do nosso card\u00e1pio nas nossas mesas especiais\/buffets.<\/p>\t\t\t\t\t\t<\/div>\n\t\t\t\t<\/div>\n\t\t\t\t<div class=\"elementor-element elementor-element-4f4047d elementor-align-center elementor-widget elementor-widget-button\" data-id=\"4f4047d\" data-element_type=\"widget\" data-widget_type=\"button.default\">\n\t\t\t\t<div class=\"elementor-widget-container\">\n\t\t\t\t\t<div class=\"elementor-button-wrapper\">\n\t\t\t<a class=\"elementor-button elementor-button-link elementor-size-sm\" href=\"https:\/\/dinhosparaiso.com.br\/en\/how-we-are\/\">\n\t\t\t\t\t\t<span class=\"elementor-button-content-wrapper\">\n\t\t\t\t\t\t<span class=\"elementor-button-text\">About<\/span>\n\t\t<\/span>\n\t\t\t\t\t<\/a>\n\t\t<\/div>\n\t\t\t\t<\/div>\n\t\t\t\t<\/div>\n\t\t\t\t<\/div>\n\t\t\t\t\t<\/div>\n\t\t\t\t<\/div>\n\t\t<div class=\"elementor-element elementor-element-31c9d54 e-flex e-con-boxed e-con e-parent\" data-id=\"31c9d54\" data-element_type=\"container\" data-settings=\"{&quot;background_background&quot;:&quot;classic&quot;,&quot;content_width&quot;:&quot;boxed&quot;}\" data-core-v316-plus=\"true\">\n\t\t\t\t\t<div class=\"e-con-inner\">\n\t\t\t\t<div class=\"elementor-element elementor-element-b1abbce elementor-widget elementor-widget-image\" data-id=\"b1abbce\" data-element_type=\"widget\" data-widget_type=\"image.default\">\n\t\t\t\t<div class=\"elementor-widget-container\">\n\t\t\t\t\t\t\t\t\t\t\t\t\t<img decoding=\"async\" width=\"800\" height=\"341\" src=\"https:\/\/dinhosparaiso.com.br\/wp-content\/uploads\/2024\/11\/selos.jpg\" class=\"attachment-large size-large wp-image-2980\" alt=\"\" srcset=\"https:\/\/dinhosparaiso.com.br\/wp-content\/uploads\/2024\/11\/selos.jpg 931w, https:\/\/dinhosparaiso.com.br\/wp-content\/uploads\/2024\/11\/selos-300x128.jpg 300w, https:\/\/dinhosparaiso.com.br\/wp-content\/uploads\/2024\/11\/selos-768x327.jpg 768w, https:\/\/dinhosparaiso.com.br\/wp-content\/uploads\/2024\/11\/selos-18x8.jpg 18w\" sizes=\"(max-width: 800px) 100vw, 800px\" \/>\t\t\t\t\t\t\t\t\t\t\t\t\t<\/div>\n\t\t\t\t<\/div>\n\t\t\t\t\t<\/div>\n\t\t\t\t<\/div>\n\t\t<div class=\"elementor-element elementor-element-f575520 e-flex e-con-boxed e-con e-parent\" data-id=\"f575520\" data-element_type=\"container\" data-settings=\"{&quot;content_width&quot;:&quot;boxed&quot;}\" data-core-v316-plus=\"true\">\n\t\t\t\t\t<div class=\"e-con-inner\">\n\t\t<div class=\"elementor-element elementor-element-9317290 e-flex e-con-boxed e-con e-child\" data-id=\"9317290\" data-element_type=\"container\" data-settings=\"{&quot;content_width&quot;:&quot;boxed&quot;}\">\n\t\t\t\t\t<div class=\"e-con-inner\">\n\t\t<a class=\"elementor-element elementor-element-f80235f e-flex e-con-boxed e-con e-child\" data-id=\"f80235f\" data-element_type=\"container\" data-settings=\"{&quot;background_background&quot;:&quot;classic&quot;,&quot;content_width&quot;:&quot;boxed&quot;}\" href=\"https:\/\/dinhosparaiso.com.br\/en\/cardapio\/\">\n\t\t\t\t\t<div class=\"e-con-inner\">\n\t\t\t\t<div class=\"elementor-element elementor-element-b0f349c elementor-widget elementor-widget-image\" data-id=\"b0f349c\" data-element_type=\"widget\" data-widget_type=\"image.default\">\n\t\t\t\t<div class=\"elementor-widget-container\">\n\t\t\t\t\t\t\t\t\t\t\t\t\t<img decoding=\"async\" width=\"800\" height=\"534\" src=\"https:\/\/dinhosparaiso.com.br\/wp-content\/uploads\/2024\/11\/feijoada-1024x683.webp\" class=\"attachment-large size-large wp-image-3003\" alt=\"\" srcset=\"https:\/\/dinhosparaiso.com.br\/wp-content\/uploads\/2024\/11\/feijoada-1024x683.webp 1024w, https:\/\/dinhosparaiso.com.br\/wp-content\/uploads\/2024\/11\/feijoada-300x200.webp 300w, https:\/\/dinhosparaiso.com.br\/wp-content\/uploads\/2024\/11\/feijoada-768x512.webp 768w, https:\/\/dinhosparaiso.com.br\/wp-content\/uploads\/2024\/11\/feijoada-18x12.webp 18w, https:\/\/dinhosparaiso.com.br\/wp-content\/uploads\/2024\/11\/feijoada.webp 1200w\" sizes=\"(max-width: 800px) 100vw, 800px\" \/>\t\t\t\t\t\t\t\t\t\t\t\t\t<\/div>\n\t\t\t\t<\/div>\n\t\t\t\t<div class=\"elementor-element elementor-element-a48e0e6 elementor-widget elementor-widget-heading\" data-id=\"a48e0e6\" data-element_type=\"widget\" data-widget_type=\"heading.default\">\n\t\t\t\t<div class=\"elementor-widget-container\">\n\t\t\t<h2 class=\"elementor-heading-title elementor-size-default\">Feijoada<\/h2>\t\t<\/div>\n\t\t\t\t<\/div>\n\t\t\t\t<div class=\"elementor-element elementor-element-fff5468 elementor-widget elementor-widget-text-editor\" data-id=\"fff5468\" data-element_type=\"widget\" data-widget_type=\"text-editor.default\">\n\t\t\t\t<div class=\"elementor-widget-container\">\n\t\t\t\t\t\t\t<h6><strong>Quarta e S\u00e1bado<\/strong><\/h6><h6><strong>SOMENTE NO ALMO\u00c7O<\/strong><\/h6><p>Delicie-se com a nossa feijoada premiada com as carnes separadas e todos os<br \/>acompanhamentos, servida todas as quartas- feiras e s\u00e1bados no almo\u00e7o.<\/p>\t\t\t\t\t\t<\/div>\n\t\t\t\t<\/div>\n\t\t\t\t\t<\/div>\n\t\t\t\t<\/a>\n\t\t<a class=\"elementor-element elementor-element-948df3b e-flex e-con-boxed e-con e-child\" data-id=\"948df3b\" data-element_type=\"container\" data-settings=\"{&quot;background_background&quot;:&quot;classic&quot;,&quot;content_width&quot;:&quot;boxed&quot;}\" href=\"https:\/\/dinhosparaiso.com.br\/en\/cardapio\/\">\n\t\t\t\t\t<div class=\"e-con-inner\">\n\t\t\t\t<div class=\"elementor-element elementor-element-bae1e52 elementor-widget elementor-widget-image\" data-id=\"bae1e52\" data-element_type=\"widget\" data-widget_type=\"image.default\">\n\t\t\t\t<div class=\"elementor-widget-container\">\n\t\t\t\t\t\t\t\t\t\t\t\t\t<img loading=\"lazy\" decoding=\"async\" width=\"800\" height=\"534\" src=\"https:\/\/dinhosparaiso.com.br\/wp-content\/uploads\/2024\/11\/frutos-do-mar-1024x683.webp\" class=\"attachment-large size-large wp-image-3013\" alt=\"\" srcset=\"https:\/\/dinhosparaiso.com.br\/wp-content\/uploads\/2024\/11\/frutos-do-mar-1024x683.webp 1024w, https:\/\/dinhosparaiso.com.br\/wp-content\/uploads\/2024\/11\/frutos-do-mar-300x200.webp 300w, https:\/\/dinhosparaiso.com.br\/wp-content\/uploads\/2024\/11\/frutos-do-mar-768x512.webp 768w, https:\/\/dinhosparaiso.com.br\/wp-content\/uploads\/2024\/11\/frutos-do-mar-18x12.webp 18w, https:\/\/dinhosparaiso.com.br\/wp-content\/uploads\/2024\/11\/frutos-do-mar.webp 1200w\" sizes=\"(max-width: 800px) 100vw, 800px\" \/>\t\t\t\t\t\t\t\t\t\t\t\t\t<\/div>\n\t\t\t\t<\/div>\n\t\t\t\t<div class=\"elementor-element elementor-element-711780b elementor-widget elementor-widget-heading\" data-id=\"711780b\" data-element_type=\"widget\" data-widget_type=\"heading.default\">\n\t\t\t\t<div class=\"elementor-widget-container\">\n\t\t\t<h2 class=\"elementor-heading-title elementor-size-default\">SEAFOOD<\/h2>\t\t<\/div>\n\t\t\t\t<\/div>\n\t\t\t\t<div class=\"elementor-element elementor-element-2230d5d elementor-widget elementor-widget-text-editor\" data-id=\"2230d5d\" data-element_type=\"widget\" data-widget_type=\"text-editor.default\">\n\t\t\t\t<div class=\"elementor-widget-container\">\n\t\t\t\t\t\t\t<h6>Friday\u00a0<\/h6><h6><strong>SOMENTE NO ALMO\u00c7O<\/strong><\/h6><p>\u00c0s sextas-feiras, renda-se aos sabores dos rios e mares em nosso buffet de frutos do mar. Aproveite a nossa sele\u00e7\u00e3o especial de itens como lagosta, ostras, paella, camar\u00e3o, polvo, bacalhau e muito mais\u2026<\/p>\t\t\t\t\t\t<\/div>\n\t\t\t\t<\/div>\n\t\t\t\t\t<\/div>\n\t\t\t\t<\/a>\n\t\t<a class=\"elementor-element elementor-element-4e453ac e-flex e-con-boxed e-con e-child\" data-id=\"4e453ac\" data-element_type=\"container\" data-settings=\"{&quot;background_background&quot;:&quot;classic&quot;,&quot;content_width&quot;:&quot;boxed&quot;}\" href=\"https:\/\/dinhosparaiso.com.br\/en\/cardapio\/\">\n\t\t\t\t\t<div class=\"e-con-inner\">\n\t\t\t\t<div class=\"elementor-element elementor-element-fb254f8 elementor-widget elementor-widget-image\" data-id=\"fb254f8\" data-element_type=\"widget\" data-widget_type=\"image.default\">\n\t\t\t\t<div class=\"elementor-widget-container\">\n\t\t\t\t\t\t\t\t\t\t\t\t\t<img loading=\"lazy\" decoding=\"async\" width=\"800\" height=\"534\" src=\"https:\/\/dinhosparaiso.com.br\/wp-content\/uploads\/2024\/11\/mesa-dinhos-1024x683.webp\" class=\"attachment-large size-large wp-image-3017\" alt=\"\" srcset=\"https:\/\/dinhosparaiso.com.br\/wp-content\/uploads\/2024\/11\/mesa-dinhos-1024x683.webp 1024w, https:\/\/dinhosparaiso.com.br\/wp-content\/uploads\/2024\/11\/mesa-dinhos-300x200.webp 300w, https:\/\/dinhosparaiso.com.br\/wp-content\/uploads\/2024\/11\/mesa-dinhos-768x512.webp 768w, https:\/\/dinhosparaiso.com.br\/wp-content\/uploads\/2024\/11\/mesa-dinhos-18x12.webp 18w, https:\/\/dinhosparaiso.com.br\/wp-content\/uploads\/2024\/11\/mesa-dinhos.webp 1200w\" sizes=\"(max-width: 800px) 100vw, 800px\" \/>\t\t\t\t\t\t\t\t\t\t\t\t\t<\/div>\n\t\t\t\t<\/div>\n\t\t\t\t<div class=\"elementor-element elementor-element-ddb274d elementor-widget elementor-widget-heading\" data-id=\"ddb274d\" data-element_type=\"widget\" data-widget_type=\"heading.default\">\n\t\t\t\t<div class=\"elementor-widget-container\">\n\t\t\t<h2 class=\"elementor-heading-title elementor-size-default\">DINHO'S TABLE<\/h2>\t\t<\/div>\n\t\t\t\t<\/div>\n\t\t\t\t<div class=\"elementor-element elementor-element-f2bac9a elementor-widget elementor-widget-text-editor\" data-id=\"f2bac9a\" data-element_type=\"widget\" data-widget_type=\"text-editor.default\">\n\t\t\t\t<div class=\"elementor-widget-container\">\n\t\t\t\t\t\t\t<p><strong>Segunda, ter\u00e7a, quarta, quinta, domingo.<\/strong><\/p><p><strong>\u00a0SOMENTE NO ALMO\u00c7O<\/strong><\/p><p>Para os amantes da boa mesa, o Buffet Mesa Dinho&#8217;s conta com uma sele\u00e7\u00e3o exuberante de saladas e pratos frios, pratos quentes e os grelhados do dia, dispon\u00edveis todos os dias no menu \u00e0 la carte.<\/p>\t\t\t\t\t\t<\/div>\n\t\t\t\t<\/div>\n\t\t\t\t\t<\/div>\n\t\t\t\t<\/a>\n\t\t\t\t\t<\/div>\n\t\t\t\t<\/div>\n\t\t<div class=\"elementor-element elementor-element-0fc92a8 e-flex e-con-boxed e-con e-child\" data-id=\"0fc92a8\" data-element_type=\"container\" data-settings=\"{&quot;content_width&quot;:&quot;boxed&quot;}\">\n\t\t\t\t\t<div class=\"e-con-inner\">\n\t\t\t\t<div class=\"elementor-element elementor-element-a9b475f elementor-widget elementor-widget-heading\" data-id=\"a9b475f\" data-element_type=\"widget\" data-widget_type=\"heading.default\">\n\t\t\t\t<div class=\"elementor-widget-container\">\n\t\t\t<p class=\"elementor-heading-title elementor-size-default\">* Tamb\u00e9m oferecemos menu \u00e0 la carte todos os dias<br><br>BUFFETS SOMENTE NO ALMO\u00c7O<\/p>\t\t<\/div>\n\t\t\t\t<\/div>\n\t\t\t\t\t<\/div>\n\t\t\t\t<\/div>\n\t\t\t\t\t<\/div>\n\t\t\t\t<\/div>\n\t\t<div class=\"elementor-element elementor-element-e92ed2b e-flex e-con-boxed e-con e-parent\" data-id=\"e92ed2b\" data-element_type=\"container\" data-settings=\"{&quot;background_background&quot;:&quot;classic&quot;,&quot;content_width&quot;:&quot;boxed&quot;}\" data-core-v316-plus=\"true\">\n\t\t\t\t\t<div class=\"e-con-inner\">\n\t\t\t\t<div class=\"elementor-element elementor-element-48f63b0 elementor-align-center elementor-widget elementor-widget-button\" data-id=\"48f63b0\" data-element_type=\"widget\" data-widget_type=\"button.default\">\n\t\t\t\t<div class=\"elementor-widget-container\">\n\t\t\t\t\t<div class=\"elementor-button-wrapper\">\n\t\t\t<a class=\"elementor-button elementor-button-link elementor-size-sm\" href=\"\/en\/cardapio\/\">\n\t\t\t\t\t\t<span class=\"elementor-button-content-wrapper\">\n\t\t\t\t\t\t<span class=\"elementor-button-text\">ACCESS OUR MENU<\/span>\n\t\t<\/span>\n\t\t\t\t\t<\/a>\n\t\t<\/div>\n\t\t\t\t<\/div>\n\t\t\t\t<\/div>\n\t\t\t\t\t<\/div>\n\t\t\t\t<\/div>\n\t\t<div class=\"elementor-element elementor-element-d612393 e-flex e-con-boxed e-con e-parent\" data-id=\"d612393\" data-element_type=\"container\" data-settings=\"{&quot;background_background&quot;:&quot;classic&quot;,&quot;content_width&quot;:&quot;boxed&quot;}\" data-core-v316-plus=\"true\">\n\t\t\t\t\t<div class=\"e-con-inner\">\n\t\t<div class=\"elementor-element elementor-element-41788a6 e-flex e-con-boxed e-con e-child\" data-id=\"41788a6\" data-element_type=\"container\" data-settings=\"{&quot;background_background&quot;:&quot;classic&quot;,&quot;content_width&quot;:&quot;boxed&quot;}\">\n\t\t\t\t\t<div class=\"e-con-inner\">\n\t\t\t\t\t<\/div>\n\t\t\t\t<\/div>\n\t\t<div class=\"elementor-element elementor-element-f3d35ec e-con-full e-flex e-con e-child\" data-id=\"f3d35ec\" data-element_type=\"container\" data-settings=\"{&quot;content_width&quot;:&quot;full&quot;}\">\n\t\t\t\t<div class=\"elementor-element elementor-element-641d97a elementor-widget elementor-widget-heading\" data-id=\"641d97a\" data-element_type=\"widget\" data-widget_type=\"heading.default\">\n\t\t\t\t<div class=\"elementor-widget-container\">\n\t\t\t<h2 class=\"elementor-heading-title elementor-size-default\">Events &amp; Group Reservations\n<\/h2>\t\t<\/div>\n\t\t\t\t<\/div>\n\t\t\t\t<div class=\"elementor-element elementor-element-c3016aa elementor-widget__width-initial elementor-widget elementor-widget-text-editor\" data-id=\"c3016aa\" data-element_type=\"widget\" data-widget_type=\"text-editor.default\">\n\t\t\t\t<div class=\"elementor-widget-container\">\n\t\t\t\t\t\t\t<h6>Viver o Dinho\u2019s j\u00e1 \u00e9 especial. Mas o jantar privado \u00e9 algo \u00e0 parte: voc\u00ea, suas pessoas favoritas e os melhores cortes da casa em um ambiente reservado \u2014 seja em uma sala exclusiva ou na sua mesa preferida do sal\u00e3o. Com o mesmo atendimento impec\u00e1vel e a qualidade que fazem parte da nossa hist\u00f3ria.<\/h6><h6>Celebre momentos importantes ou finalize bons neg\u00f3cios.<\/h6><h6>O Dinho\u2019s cuida do resto.<\/h6><h6><br \/>*Reservas n\u00e3o dispon\u00edveis aos finais de semana no almo\u00e7o<\/h6>\t\t\t\t\t\t<\/div>\n\t\t\t\t<\/div>\n\t\t\t\t<div class=\"elementor-element elementor-element-35469f2 elementor-align-center elementor-widget elementor-widget-button\" data-id=\"35469f2\" data-element_type=\"widget\" data-widget_type=\"button.default\">\n\t\t\t\t<div class=\"elementor-widget-container\">\n\t\t\t\t\t<div class=\"elementor-button-wrapper\">\n\t\t\t<a class=\"elementor-button elementor-button-link elementor-size-sm\" href=\"https:\/\/dinhosparaiso.com.br\/en\/reservations\/\">\n\t\t\t\t\t\t<span class=\"elementor-button-content-wrapper\">\n\t\t\t\t\t\t<span class=\"elementor-button-text\">REQUEST YOUR QUOTE<\/span>\n\t\t<\/span>\n\t\t\t\t\t<\/a>\n\t\t<\/div>\n\t\t\t\t<\/div>\n\t\t\t\t<\/div>\n\t\t\t\t<\/div>\n\t\t\t\t\t<\/div>\n\t\t\t\t<\/div>\n\t\t<div class=\"elementor-element elementor-element-1db5a1a e-flex e-con-boxed e-con e-parent\" data-id=\"1db5a1a\" data-element_type=\"container\" data-settings=\"{&quot;background_background&quot;:&quot;classic&quot;,&quot;content_width&quot;:&quot;boxed&quot;}\" data-core-v316-plus=\"true\">\n\t\t\t\t\t<div class=\"e-con-inner\">\n\t\t<div class=\"elementor-element elementor-element-1bf5dcd e-flex e-con-boxed e-con e-child\" data-id=\"1bf5dcd\" data-element_type=\"container\" data-settings=\"{&quot;content_width&quot;:&quot;boxed&quot;}\">\n\t\t\t\t\t<div class=\"e-con-inner\">\n\t\t\t\t<div class=\"elementor-element elementor-element-64f836c elementor-invisible elementor-widget elementor-widget-heading\" data-id=\"64f836c\" data-element_type=\"widget\" data-settings=\"{&quot;_animation&quot;:&quot;fadeInUp&quot;}\" data-widget_type=\"heading.default\">\n\t\t\t\t<div class=\"elementor-widget-container\">\n\t\t\t<h2 class=\"elementor-heading-title elementor-size-default\">Stay Updated<\/h2>\t\t<\/div>\n\t\t\t\t<\/div>\n\t\t\t\t<div class=\"elementor-element elementor-element-20cf18b elementor-invisible elementor-widget elementor-widget-text-editor\" data-id=\"20cf18b\" data-element_type=\"widget\" data-settings=\"{&quot;_animation&quot;:&quot;fadeInUp&quot;}\" data-widget_type=\"text-editor.default\">\n\t\t\t\t<div class=\"elementor-widget-container\">\n\t\t\t\t\t\t\t<div class=\"elementor-element elementor-element-8f4f814 elementor-widget elementor-widget-text-editor animated fadeInUp\" data-id=\"8f4f814\" data-element_type=\"widget\" data-settings=\"{&quot;_animation&quot;:&quot;fadeInUp&quot;}\" data-widget_type=\"text-editor.default\">\n<div class=\"elementor-widget-container\" style=\"color: #fff\">\n\nSign up and stay informed about all the latest news.\n\n<\/div>\n<\/div>\t\t\t\t\t\t<\/div>\n\t\t\t\t<\/div>\n\t\t\t\t\t<\/div>\n\t\t\t\t<\/div>\n\t\t<div class=\"elementor-element elementor-element-02ebf08 e-flex e-con-boxed e-con e-child\" data-id=\"02ebf08\" data-element_type=\"container\" data-settings=\"{&quot;content_width&quot;:&quot;boxed&quot;}\">\n\t\t\t\t\t<div class=\"e-con-inner\">\n\t\t\t\t<div class=\"elementor-element elementor-element-8025589 elementor-widget elementor-widget-html\" data-id=\"8025589\" data-element_type=\"widget\" data-no-translation=\"\" data-widget_type=\"html.default\">\n\t\t\t\t<div class=\"elementor-widget-container\">\n\t\t\t<style>.elementor-element-8025589{display:none !important}<\/style>\t\t<\/div>\n\t\t\t\t<\/div>\n\t\t\t\t<div class=\"elementor-element elementor-element-08713dd elementor-widget elementor-widget-html\" data-id=\"08713dd\" data-element_type=\"widget\" data-no-translation=\"\" data-widget_type=\"html.default\">\n\t\t\t\t<div class=\"elementor-widget-container\">\n\t\t\t<div role=\"main\" id=\"news-en-29f7164a08a22cd9b7ac\"><\/div><script type=\"text\/javascript\" src=\"https:\/\/d335luupugsy2.cloudfront.net\/js\/rdstation-forms\/stable\/rdstation-forms.min.js\"><\/script><script type=\"text\/javascript\"> new RDStationForms('news-en-29f7164a08a22cd9b7ac', 'null').createForm();<\/script>\t\t<\/div>\n\t\t\t\t<\/div>\n\t\t\t\t\t<\/div>\n\t\t\t\t<\/div>\n\t\t\t\t\t<\/div>\n\t\t\t\t<\/div>\n\t\t<div class=\"elementor-element elementor-element-91175a7 e-flex e-con-boxed e-con e-parent\" data-id=\"91175a7\" data-element_type=\"container\" data-settings=\"{&quot;content_width&quot;:&quot;boxed&quot;}\" data-core-v316-plus=\"true\">\n\t\t\t\t\t<div class=\"e-con-inner\">\n\t\t\t\t\t<\/div>\n\t\t\t\t<\/div>\n\t\t\t\t<\/div>","protected":false},"excerpt":{"rendered":"<p>Bem-vindo H\u00e1 mais de 60 anos somos refer\u00eancia em carne grelhada com hist\u00f3ria, nome e sobrenome. Reserve sua mesa A Unidade do Para\u00edso A volta do Dinho&#8217;s para o local onde tudo come\u00e7ou. Venha desfrutar os melhores itens do nosso card\u00e1pio nas nossas mesas especiais\/buffets. Sobre Feijoada Quarta e S\u00e1bado SOMENTE NO ALMO\u00c7O Delicie-se com [&hellip;]<\/p>","protected":false},"author":1,"featured_media":0,"parent":0,"menu_order":0,"comment_status":"closed","ping_status":"closed","template":"","meta":{"inline_featured_image":false,"footnotes":""},"class_list":["post-2919","page","type-page","status-publish","hentry"],"acf":[],"_links":{"self":[{"href":"https:\/\/dinhosparaiso.com.br\/en\/wp-json\/wp\/v2\/pages\/2919","targetHints":{"allow":["GET"]}}],"collection":[{"href":"https:\/\/dinhosparaiso.com.br\/en\/wp-json\/wp\/v2\/pages"}],"about":[{"href":"https:\/\/dinhosparaiso.com.br\/en\/wp-json\/wp\/v2\/types\/page"}],"author":[{"embeddable":true,"href":"https:\/\/dinhosparaiso.com.br\/en\/wp-json\/wp\/v2\/users\/1"}],"replies":[{"embeddable":true,"href":"https:\/\/dinhosparaiso.com.br\/en\/wp-json\/wp\/v2\/comments?post=2919"}],"version-history":[{"count":205,"href":"https:\/\/dinhosparaiso.com.br\/en\/wp-json\/wp\/v2\/pages\/2919\/revisions"}],"predecessor-version":[{"id":3517,"href":"https:\/\/dinhosparaiso.com.br\/en\/wp-json\/wp\/v2\/pages\/2919\/revisions\/3517"}],"wp:attachment":[{"href":"https:\/\/dinhosparaiso.com.br\/en\/wp-json\/wp\/v2\/media?parent=2919"}],"curies":[{"name":"wp","href":"https:\/\/api.w.org\/{rel}","templated":true}]}}