{"id":43,"date":"2024-01-27T15:14:02","date_gmt":"2024-01-27T18:14:02","guid":{"rendered":"https:\/\/dinhosparaiso.com.br\/?page_id=43"},"modified":"2026-04-10T15:59:12","modified_gmt":"2026-04-10T18:59:12","slug":"quem-somos","status":"publish","type":"page","link":"https:\/\/dinhosparaiso.com.br\/en\/how-we-are\/","title":{"rendered":"How we are"},"content":{"rendered":"<div data-elementor-type=\"wp-page\" data-elementor-id=\"43\" class=\"elementor elementor-43\">\n\t\t\t\t<div class=\"elementor-element elementor-element-43735cd e-con-full e-flex e-con e-parent\" data-id=\"43735cd\" data-element_type=\"container\" data-settings=\"{&quot;content_width&quot;:&quot;full&quot;}\" data-core-v316-plus=\"true\">\n\t\t\t\t<div class=\"elementor-element elementor-element-5b62fce text-linhas elementor-widget elementor-widget-heading\" data-id=\"5b62fce\" data-element_type=\"widget\" data-widget_type=\"heading.default\">\n\t\t\t\t<div class=\"elementor-widget-container\">\n\t\t\t<style>\/*! elementor - v3.19.0 - 07-02-2024 *\/\n.elementor-heading-title{padding:0;margin:0;line-height:1}.elementor-widget-heading .elementor-heading-title[class*=elementor-size-]>a{color:inherit;font-size:inherit;line-height:inherit}.elementor-widget-heading .elementor-heading-title.elementor-size-small{font-size:15px}.elementor-widget-heading .elementor-heading-title.elementor-size-medium{font-size:19px}.elementor-widget-heading .elementor-heading-title.elementor-size-large{font-size:29px}.elementor-widget-heading .elementor-heading-title.elementor-size-xl{font-size:39px}.elementor-widget-heading .elementor-heading-title.elementor-size-xxl{font-size:59px}<\/style><h2 class=\"elementor-heading-title elementor-size-default\">Paradise Unity<\/h2>\t\t<\/div>\n\t\t\t\t<\/div>\n\t\t\t\t<div class=\"elementor-element elementor-element-4f11d0a elementor-widget__width-initial elementor-widget elementor-widget-heading\" data-id=\"4f11d0a\" data-element_type=\"widget\" data-widget_type=\"heading.default\">\n\t\t\t\t<div class=\"elementor-widget-container\">\n\t\t\t<h2 class=\"elementor-heading-title elementor-size-default\">De volta a onde tudo come\u00e7ou. Os melhores ingredientes e cl\u00e1ssicos do nosso card\u00e1pio reunidos em mesas caprichadas<\/h2>\t\t<\/div>\n\t\t\t\t<\/div>\n\t\t\t\t<\/div>\n\t\t<div class=\"elementor-element elementor-element-adb579e e-flex e-con-boxed e-con e-parent\" data-id=\"adb579e\" data-element_type=\"container\" data-settings=\"{&quot;content_width&quot;:&quot;boxed&quot;}\" data-core-v316-plus=\"true\">\n\t\t\t\t\t<div class=\"e-con-inner\">\n\t\t<div class=\"elementor-element elementor-element-b68f6b6 e-flex e-con-boxed e-con e-child\" data-id=\"b68f6b6\" data-element_type=\"container\" data-settings=\"{&quot;content_width&quot;:&quot;boxed&quot;}\">\n\t\t\t\t\t<div class=\"e-con-inner\">\n\t\t<a class=\"elementor-element elementor-element-88ce1d2 e-flex e-con-boxed e-con e-child\" data-id=\"88ce1d2\" data-element_type=\"container\" data-settings=\"{&quot;background_background&quot;:&quot;classic&quot;,&quot;content_width&quot;:&quot;boxed&quot;}\" href=\"https:\/\/dinhosparaiso.com.br\/en\/cardapio\/\">\n\t\t\t\t\t<div class=\"e-con-inner\">\n\t\t\t\t<div class=\"elementor-element elementor-element-7088de9 elementor-widget elementor-widget-image\" data-id=\"7088de9\" data-element_type=\"widget\" data-widget_type=\"image.default\">\n\t\t\t\t<div class=\"elementor-widget-container\">\n\t\t\t<style>\/*! elementor - v3.19.0 - 07-02-2024 *\/\n.elementor-widget-image{text-align:center}.elementor-widget-image a{display:inline-block}.elementor-widget-image a img[src$=\".svg\"]{width:48px}.elementor-widget-image img{vertical-align:middle;display:inline-block}<\/style>\t\t\t\t\t\t\t\t\t\t<img fetchpriority=\"high\" decoding=\"async\" width=\"800\" height=\"534\" src=\"https:\/\/dinhosparaiso.com.br\/wp-content\/uploads\/2024\/11\/feijoada-1024x683.webp\" class=\"attachment-large size-large wp-image-3003\" alt=\"\" srcset=\"https:\/\/dinhosparaiso.com.br\/wp-content\/uploads\/2024\/11\/feijoada-1024x683.webp 1024w, https:\/\/dinhosparaiso.com.br\/wp-content\/uploads\/2024\/11\/feijoada-300x200.webp 300w, https:\/\/dinhosparaiso.com.br\/wp-content\/uploads\/2024\/11\/feijoada-768x512.webp 768w, https:\/\/dinhosparaiso.com.br\/wp-content\/uploads\/2024\/11\/feijoada-18x12.webp 18w, https:\/\/dinhosparaiso.com.br\/wp-content\/uploads\/2024\/11\/feijoada.webp 1200w\" sizes=\"(max-width: 800px) 100vw, 800px\" \/>\t\t\t\t\t\t\t\t\t\t\t\t\t<\/div>\n\t\t\t\t<\/div>\n\t\t\t\t<div class=\"elementor-element elementor-element-9278b0d elementor-widget elementor-widget-heading\" data-id=\"9278b0d\" data-element_type=\"widget\" data-widget_type=\"heading.default\">\n\t\t\t\t<div class=\"elementor-widget-container\">\n\t\t\t<h2 class=\"elementor-heading-title elementor-size-default\">Feijoada<\/h2>\t\t<\/div>\n\t\t\t\t<\/div>\n\t\t\t\t<div class=\"elementor-element elementor-element-8c30f4d elementor-widget elementor-widget-text-editor\" data-id=\"8c30f4d\" data-element_type=\"widget\" data-widget_type=\"text-editor.default\">\n\t\t\t\t<div class=\"elementor-widget-container\">\n\t\t\t<style>\/*! elementor - v3.19.0 - 07-02-2024 *\/\n.elementor-widget-text-editor.elementor-drop-cap-view-stacked .elementor-drop-cap{background-color:#69727d;color:#fff}.elementor-widget-text-editor.elementor-drop-cap-view-framed .elementor-drop-cap{color:#69727d;border:3px solid;background-color:transparent}.elementor-widget-text-editor:not(.elementor-drop-cap-view-default) .elementor-drop-cap{margin-top:8px}.elementor-widget-text-editor:not(.elementor-drop-cap-view-default) .elementor-drop-cap-letter{width:1em;height:1em}.elementor-widget-text-editor .elementor-drop-cap{float:left;text-align:center;line-height:1;font-size:50px}.elementor-widget-text-editor .elementor-drop-cap-letter{display:inline-block}<\/style>\t\t\t\t<h6><strong>Quarta e S\u00e1bado\u00a0<\/strong><\/h6><p>Delicie-se com a nossa feijoada premiada com as carnes separadas e todos os<br \/>acompanhamentos, servida todas as quartas- feiras e s\u00e1bados no almo\u00e7o.<\/p>\t\t\t\t\t\t<\/div>\n\t\t\t\t<\/div>\n\t\t\t\t\t<\/div>\n\t\t\t\t<\/a>\n\t\t<a class=\"elementor-element elementor-element-42b6f2b e-flex e-con-boxed e-con e-child\" data-id=\"42b6f2b\" data-element_type=\"container\" data-settings=\"{&quot;background_background&quot;:&quot;classic&quot;,&quot;content_width&quot;:&quot;boxed&quot;}\" href=\"https:\/\/dinhosparaiso.com.br\/en\/cardapio\/\">\n\t\t\t\t\t<div class=\"e-con-inner\">\n\t\t\t\t<div class=\"elementor-element elementor-element-bd3220e elementor-widget elementor-widget-image\" data-id=\"bd3220e\" data-element_type=\"widget\" data-widget_type=\"image.default\">\n\t\t\t\t<div class=\"elementor-widget-container\">\n\t\t\t\t\t\t\t\t\t\t\t\t\t<img decoding=\"async\" width=\"800\" height=\"534\" src=\"https:\/\/dinhosparaiso.com.br\/wp-content\/uploads\/2024\/11\/frutos-do-mar-1024x683.webp\" class=\"attachment-large size-large wp-image-3013\" alt=\"\" srcset=\"https:\/\/dinhosparaiso.com.br\/wp-content\/uploads\/2024\/11\/frutos-do-mar-1024x683.webp 1024w, https:\/\/dinhosparaiso.com.br\/wp-content\/uploads\/2024\/11\/frutos-do-mar-300x200.webp 300w, https:\/\/dinhosparaiso.com.br\/wp-content\/uploads\/2024\/11\/frutos-do-mar-768x512.webp 768w, https:\/\/dinhosparaiso.com.br\/wp-content\/uploads\/2024\/11\/frutos-do-mar-18x12.webp 18w, https:\/\/dinhosparaiso.com.br\/wp-content\/uploads\/2024\/11\/frutos-do-mar.webp 1200w\" sizes=\"(max-width: 800px) 100vw, 800px\" \/>\t\t\t\t\t\t\t\t\t\t\t\t\t<\/div>\n\t\t\t\t<\/div>\n\t\t\t\t<div class=\"elementor-element elementor-element-6a11fd2 elementor-widget elementor-widget-heading\" data-id=\"6a11fd2\" data-element_type=\"widget\" data-widget_type=\"heading.default\">\n\t\t\t\t<div class=\"elementor-widget-container\">\n\t\t\t<h2 class=\"elementor-heading-title elementor-size-default\">SEAFOOD<\/h2>\t\t<\/div>\n\t\t\t\t<\/div>\n\t\t\t\t<div class=\"elementor-element elementor-element-61a6496 elementor-widget elementor-widget-text-editor\" data-id=\"61a6496\" data-element_type=\"widget\" data-widget_type=\"text-editor.default\">\n\t\t\t\t<div class=\"elementor-widget-container\">\n\t\t\t\t\t\t\t<h6>Friday<\/h6><p>\u00c0s sextas-feiras, renda-se aos sabores dos rios e mares em nosso buffet de frutos do mar. Aproveite a nossa sele\u00e7\u00e3o especial de itens como lagosta, ostras, paella, camar\u00e3o, polvo,<br \/>cod and much more\u2026<\/p>\t\t\t\t\t\t<\/div>\n\t\t\t\t<\/div>\n\t\t\t\t\t<\/div>\n\t\t\t\t<\/a>\n\t\t<a class=\"elementor-element elementor-element-34f7367 e-flex e-con-boxed e-con e-child\" data-id=\"34f7367\" data-element_type=\"container\" data-settings=\"{&quot;background_background&quot;:&quot;classic&quot;,&quot;content_width&quot;:&quot;boxed&quot;}\" href=\"https:\/\/dinhosparaiso.com.br\/en\/cardapio\/\">\n\t\t\t\t\t<div class=\"e-con-inner\">\n\t\t\t\t<div class=\"elementor-element elementor-element-4288a62 elementor-widget elementor-widget-image\" data-id=\"4288a62\" data-element_type=\"widget\" data-widget_type=\"image.default\">\n\t\t\t\t<div class=\"elementor-widget-container\">\n\t\t\t\t\t\t\t\t\t\t\t\t\t<img decoding=\"async\" width=\"800\" height=\"534\" src=\"https:\/\/dinhosparaiso.com.br\/wp-content\/uploads\/2024\/11\/mesa-dinhos-1024x683.webp\" class=\"attachment-large size-large wp-image-3017\" alt=\"\" srcset=\"https:\/\/dinhosparaiso.com.br\/wp-content\/uploads\/2024\/11\/mesa-dinhos-1024x683.webp 1024w, https:\/\/dinhosparaiso.com.br\/wp-content\/uploads\/2024\/11\/mesa-dinhos-300x200.webp 300w, https:\/\/dinhosparaiso.com.br\/wp-content\/uploads\/2024\/11\/mesa-dinhos-768x512.webp 768w, https:\/\/dinhosparaiso.com.br\/wp-content\/uploads\/2024\/11\/mesa-dinhos-18x12.webp 18w, https:\/\/dinhosparaiso.com.br\/wp-content\/uploads\/2024\/11\/mesa-dinhos.webp 1200w\" sizes=\"(max-width: 800px) 100vw, 800px\" \/>\t\t\t\t\t\t\t\t\t\t\t\t\t<\/div>\n\t\t\t\t<\/div>\n\t\t\t\t<div class=\"elementor-element elementor-element-5256544 elementor-widget elementor-widget-heading\" data-id=\"5256544\" data-element_type=\"widget\" data-widget_type=\"heading.default\">\n\t\t\t\t<div class=\"elementor-widget-container\">\n\t\t\t<h2 class=\"elementor-heading-title elementor-size-default\">DINHO'S TABLE<\/h2>\t\t<\/div>\n\t\t\t\t<\/div>\n\t\t\t\t<div class=\"elementor-element elementor-element-8c93bb3 elementor-widget elementor-widget-text-editor\" data-id=\"8c93bb3\" data-element_type=\"widget\" data-widget_type=\"text-editor.default\">\n\t\t\t\t<div class=\"elementor-widget-container\">\n\t\t\t\t\t\t\t<p><strong>Segundas, Ter\u00e7as, Quintas e Domingos<\/strong><\/p><p>Para os amantes da boa mesa, o Buffet Mesa Dinho&#8217;s aguarda com uma sele\u00e7\u00e3o exuberante de saladas, pratos frios, pratos quentes e os grelhados do dia, dispon\u00edveis todos os dias da semana no menu \u00e0 la carte.<\/p>\t\t\t\t\t\t<\/div>\n\t\t\t\t<\/div>\n\t\t\t\t\t<\/div>\n\t\t\t\t<\/a>\n\t\t\t\t\t<\/div>\n\t\t\t\t<\/div>\n\t\t<div class=\"elementor-element elementor-element-5929c50 e-flex e-con-boxed e-con e-child\" data-id=\"5929c50\" data-element_type=\"container\" data-settings=\"{&quot;content_width&quot;:&quot;boxed&quot;}\">\n\t\t\t\t\t<div class=\"e-con-inner\">\n\t\t\t\t<div class=\"elementor-element elementor-element-7635d74 elementor-widget elementor-widget-heading\" data-id=\"7635d74\" data-element_type=\"widget\" data-widget_type=\"heading.default\">\n\t\t\t\t<div class=\"elementor-widget-container\">\n\t\t\t<p class=\"elementor-heading-title elementor-size-default\">**We also serve \u00e0 la carte all days.\n<br>BUFFETS DISPON\u00cdVEIS SOMENTE NO ALMO\u00c7O<\/p>\t\t<\/div>\n\t\t\t\t<\/div>\n\t\t\t\t\t<\/div>\n\t\t\t\t<\/div>\n\t\t\t\t\t<\/div>\n\t\t\t\t<\/div>\n\t\t<div class=\"elementor-element elementor-element-b295bbb e-con-full e-flex e-con e-parent\" data-id=\"b295bbb\" data-element_type=\"container\" data-settings=\"{&quot;content_width&quot;:&quot;full&quot;}\" data-core-v316-plus=\"true\">\n\t\t\t\t<div class=\"elementor-element elementor-element-4282a20 elementor-widget elementor-widget-google_maps\" data-id=\"4282a20\" data-element_type=\"widget\" data-widget_type=\"google_maps.default\">\n\t\t\t\t<div class=\"elementor-widget-container\">\n\t\t\t<style>\/*! elementor - v3.19.0 - 07-02-2024 *\/\n.elementor-widget-google_maps .elementor-widget-container{overflow:hidden}.elementor-widget-google_maps .elementor-custom-embed{line-height:0}.elementor-widget-google_maps iframe{height:300px}<\/style>\t\t<div class=\"elementor-custom-embed\">\n\t\t\t<iframe loading=\"lazy\"\n\t\t\t\t\tsrc=\"https:\/\/maps.google.com\/maps?q=Alameda%20Santos%2C%2086%20Para%C3%ADso%20%E2%80%93%20S%C3%A3o%20Paulo%20CEP%2001418-000&#038;t=m&#038;z=16&#038;output=embed&#038;iwloc=near\"\n\t\t\t\t\ttitle=\"Alameda Santos, 86 Para\u00edso \u2013 S\u00e3o Paulo CEP 01418-000\"\n\t\t\t\t\taria-label=\"Alameda Santos, 86 Para\u00edso \u2013 S\u00e3o Paulo CEP 01418-000\"\n\t\t\t><\/iframe>\n\t\t<\/div>\n\t\t\t\t<\/div>\n\t\t\t\t<\/div>\n\t\t\t\t<\/div>\n\t\t\t\t<\/div>","protected":false},"excerpt":{"rendered":"<p>A Unidade para\u00edso De volta a onde tudo come\u00e7ou. Os melhores ingredientes e cl\u00e1ssicos do nosso card\u00e1pio reunidos em mesas caprichadas Feijoada Quarta e S\u00e1bado\u00a0 Delicie-se com a nossa feijoada premiada com as carnes separadas e todos osacompanhamentos, servida todas as quartas- feiras e s\u00e1bados no almo\u00e7o. Frutos do mar Sexta-feira \u00c0s sextas-feiras, renda-se aos [&hellip;]<\/p>","protected":false},"author":1,"featured_media":0,"parent":0,"menu_order":0,"comment_status":"closed","ping_status":"closed","template":"elementor_canvas","meta":{"inline_featured_image":false,"footnotes":""},"class_list":["post-43","page","type-page","status-publish","hentry"],"acf":[],"_links":{"self":[{"href":"https:\/\/dinhosparaiso.com.br\/en\/wp-json\/wp\/v2\/pages\/43","targetHints":{"allow":["GET"]}}],"collection":[{"href":"https:\/\/dinhosparaiso.com.br\/en\/wp-json\/wp\/v2\/pages"}],"about":[{"href":"https:\/\/dinhosparaiso.com.br\/en\/wp-json\/wp\/v2\/types\/page"}],"author":[{"embeddable":true,"href":"https:\/\/dinhosparaiso.com.br\/en\/wp-json\/wp\/v2\/users\/1"}],"replies":[{"embeddable":true,"href":"https:\/\/dinhosparaiso.com.br\/en\/wp-json\/wp\/v2\/comments?post=43"}],"version-history":[{"count":72,"href":"https:\/\/dinhosparaiso.com.br\/en\/wp-json\/wp\/v2\/pages\/43\/revisions"}],"predecessor-version":[{"id":3541,"href":"https:\/\/dinhosparaiso.com.br\/en\/wp-json\/wp\/v2\/pages\/43\/revisions\/3541"}],"wp:attachment":[{"href":"https:\/\/dinhosparaiso.com.br\/en\/wp-json\/wp\/v2\/media?parent=43"}],"curies":[{"name":"wp","href":"https:\/\/api.w.org\/{rel}","templated":true}]}}